{"id":163,"date":"2020-05-17T08:48:45","date_gmt":"2020-05-17T08:48:45","guid":{"rendered":"https:\/\/jupiterx.artbees.net\/business-consulting\/?page_id=163"},"modified":"2024-09-30T08:52:25","modified_gmt":"2024-09-30T06:52:25","slug":"contact","status":"publish","type":"page","link":"https:\/\/www.valeursetdeveloppement.com\/?page_id=163","title":{"rendered":"Contact"},"content":{"rendered":"\t\t<div data-elementor-type=\"wp-page\" data-elementor-id=\"163\" class=\"elementor elementor-163\" data-elementor-settings=\"[]\">\n\t\t\t\t\t\t\t<div class=\"elementor-section-wrap\">\n\t\t\t\t\t\t\t<section class=\"elementor-section elementor-top-section elementor-element elementor-element-19d0698 elementor-section-boxed elementor-section-height-default elementor-section-height-default\" data-id=\"19d0698\" data-element_type=\"section\" data-settings=\"{&quot;background_background&quot;:&quot;classic&quot;}\">\n\t\t\t\t\t\t\t<div class=\"elementor-background-overlay\"><\/div>\n\t\t\t\t\t\t\t<div class=\"elementor-container elementor-column-gap-no\">\n\t\t\t\t\t<div class=\"elementor-column elementor-col-100 elementor-top-column elementor-element elementor-element-f13db0c\" data-id=\"f13db0c\" data-element_type=\"column\">\n\t\t\t<div class=\"elementor-widget-wrap elementor-element-populated\">\n\t\t\t\t\t\t\t\t<div class=\"elementor-element elementor-element-5162bb7 elementor-widget elementor-widget-heading\" data-id=\"5162bb7\" data-element_type=\"widget\" data-widget_type=\"heading.default\">\n\t\t\t\t<div class=\"elementor-widget-container\">\n\t\t\t<h1 class=\"elementor-heading-title elementor-size-default\">Contact <\/h1>\t\t<\/div>\n\t\t\t\t<\/div>\n\t\t\t\t\t<\/div>\n\t\t<\/div>\n\t\t\t\t\t\t\t<\/div>\n\t\t<\/section>\n\t\t\t\t<section class=\"elementor-section elementor-top-section elementor-element elementor-element-af5f505 elementor-section-boxed elementor-section-height-default elementor-section-height-default\" data-id=\"af5f505\" data-element_type=\"section\">\n\t\t\t\t\t\t<div class=\"elementor-container elementor-column-gap-no\">\n\t\t\t\t\t<div class=\"elementor-column elementor-col-50 elementor-top-column elementor-element elementor-element-2957dc5\" data-id=\"2957dc5\" data-element_type=\"column\">\n\t\t\t<div class=\"elementor-widget-wrap elementor-element-populated\">\n\t\t\t\t\t\t\t\t<div class=\"elementor-element elementor-element-66eb05d elementor-widget elementor-widget-heading\" data-id=\"66eb05d\" data-element_type=\"widget\" data-widget_type=\"heading.default\">\n\t\t\t\t<div class=\"elementor-widget-container\">\n\t\t\t<h2 class=\"elementor-heading-title elementor-size-default\">Une demande, une question ? L'\u00e9quipe est \u00e0 votre disposition.<\/h2>\t\t<\/div>\n\t\t\t\t<\/div>\n\t\t\t\t<div class=\"elementor-element elementor-element-66d0423 raven-form-button-align-center elementor-widget elementor-widget-raven-form\" data-id=\"66d0423\" data-element_type=\"widget\" data-settings=\"{&quot;fields&quot;:[{&quot;label&quot;:&quot;Name&quot;,&quot;placeholder&quot;:&quot;Your name&quot;,&quot;_id&quot;:&quot;f3e755b&quot;,&quot;acceptance_text&quot;:null,&quot;rows&quot;:null,&quot;required&quot;:&quot;true&quot;,&quot;width&quot;:&quot;50&quot;,&quot;type&quot;:&quot;text&quot;,&quot;field_value&quot;:&quot;&quot;,&quot;recaptcha_badge&quot;:null,&quot;recaptcha_theme&quot;:null,&quot;recaptcha_size&quot;:null,&quot;checked_by_default&quot;:null,&quot;min_time&quot;:null,&quot;max_time&quot;:null,&quot;min_date&quot;:null,&quot;max_date&quot;:null,&quot;localization&quot;:null,&quot;min&quot;:null,&quot;max&quot;:null,&quot;field_options&quot;:null,&quot;inline_list&quot;:null,&quot;native_html5&quot;:null,&quot;multiple_selection&quot;:null,&quot;file_sizes&quot;:null,&quot;file_types&quot;:null,&quot;allow_multiple_upload&quot;:null,&quot;max_files&quot;:null},{&quot;label&quot;:&quot;Email&quot;,&quot;type&quot;:&quot;email&quot;,&quot;placeholder&quot;:&quot;Email&quot;,&quot;_id&quot;:&quot;1702c38&quot;,&quot;acceptance_text&quot;:null,&quot;rows&quot;:null,&quot;required&quot;:&quot;true&quot;,&quot;width&quot;:&quot;50&quot;,&quot;field_value&quot;:&quot;&quot;,&quot;recaptcha_badge&quot;:null,&quot;recaptcha_theme&quot;:null,&quot;recaptcha_size&quot;:null,&quot;checked_by_default&quot;:null,&quot;min_time&quot;:null,&quot;max_time&quot;:null,&quot;min_date&quot;:null,&quot;max_date&quot;:null,&quot;localization&quot;:null,&quot;min&quot;:null,&quot;max&quot;:null,&quot;field_options&quot;:null,&quot;inline_list&quot;:null,&quot;native_html5&quot;:null,&quot;multiple_selection&quot;:null,&quot;file_sizes&quot;:null,&quot;file_types&quot;:null,&quot;allow_multiple_upload&quot;:null,&quot;max_files&quot;:null},{&quot;label&quot;:&quot;Subject&quot;,&quot;placeholder&quot;:&quot;Subject&quot;,&quot;acceptance_text&quot;:null,&quot;rows&quot;:null,&quot;_id&quot;:&quot;cb48ab6&quot;,&quot;type&quot;:&quot;text&quot;,&quot;field_value&quot;:&quot;&quot;,&quot;recaptcha_badge&quot;:null,&quot;recaptcha_theme&quot;:null,&quot;recaptcha_size&quot;:null,&quot;checked_by_default&quot;:null,&quot;min_time&quot;:null,&quot;max_time&quot;:null,&quot;min_date&quot;:null,&quot;max_date&quot;:null,&quot;localization&quot;:null,&quot;min&quot;:null,&quot;max&quot;:null,&quot;field_options&quot;:null,&quot;inline_list&quot;:null,&quot;native_html5&quot;:null,&quot;multiple_selection&quot;:null,&quot;required&quot;:&quot;&quot;,&quot;file_sizes&quot;:null,&quot;file_types&quot;:null,&quot;allow_multiple_upload&quot;:null,&quot;max_files&quot;:null,&quot;width&quot;:&quot;100&quot;},{&quot;label&quot;:&quot;Message&quot;,&quot;type&quot;:&quot;textarea&quot;,&quot;placeholder&quot;:&quot;Message&quot;,&quot;required&quot;:&quot;true&quot;,&quot;_id&quot;:&quot;26250f8&quot;,&quot;acceptance_text&quot;:null,&quot;field_options&quot;:null,&quot;rows&quot;:&quot;5&quot;,&quot;field_value&quot;:&quot;&quot;,&quot;recaptcha_badge&quot;:null,&quot;recaptcha_theme&quot;:null,&quot;recaptcha_size&quot;:null,&quot;checked_by_default&quot;:null,&quot;min_time&quot;:null,&quot;max_time&quot;:null,&quot;min_date&quot;:null,&quot;max_date&quot;:null,&quot;localization&quot;:null,&quot;min&quot;:null,&quot;max&quot;:null,&quot;inline_list&quot;:null,&quot;native_html5&quot;:null,&quot;multiple_selection&quot;:null,&quot;file_sizes&quot;:null,&quot;file_types&quot;:null,&quot;allow_multiple_upload&quot;:null,&quot;max_files&quot;:null,&quot;width&quot;:&quot;100&quot;}]}\" data-widget_type=\"raven-form.default\">\n\t\t\t\t<div class=\"elementor-widget-container\">\n\t\t\t\t\t<form class=\"raven-form raven-flex raven-flex-wrap raven-flex-bottom raven-hide-required-mark\" method=\"post\" name=\"New form\">\n\t\t\t<input type=\"hidden\" name=\"post_id\" value=\"163\" \/>\n\t\t\t<input type=\"hidden\" name=\"form_id\" value=\"66d0423\" \/>\n\t\t\t\t\t<div id=\"raven-field-group-f3e755b\" class=\"raven-flex-wrap raven-field-type-text raven-field-group elementor-column elementor-col-50 raven-field-required\">\n\t\t\t\t\t<input\n\t\t\toninput=\"onInvalidRavenFormField(event)\"\n\t\t\toninvalid=\"onInvalidRavenFormField(event)\"\n\t\t\ttype=\"text\" name=\"fields[f3e755b]\" id=\"form-field-f3e755b\" class=\"raven-field\" placeholder=\"Your name\" data-type=\"text\" required=\"required\">\n\t\t\t\t<\/div>\n\t\t\t\t<div id=\"raven-field-group-1702c38\" class=\"raven-flex-wrap raven-field-type-email raven-field-group elementor-column elementor-col-50 raven-field-required\">\n\t\t\t\t\t<input\n\t\t\toninput=\"onInvalidRavenFormField(event)\"\n\t\t\toninvalid=\"onInvalidRavenFormField(event)\"\n\t\t\ttype=\"email\" name=\"fields[1702c38]\" id=\"form-field-1702c38\" class=\"raven-field\" placeholder=\"Email\" data-type=\"email\" required=\"required\">\n\t\t\t\t<\/div>\n\t\t\t\t<div id=\"raven-field-group-cb48ab6\" class=\"raven-flex-wrap raven-field-type-text raven-field-group elementor-column elementor-col-100\">\n\t\t\t\t\t<input\n\t\t\toninput=\"onInvalidRavenFormField(event)\"\n\t\t\toninvalid=\"onInvalidRavenFormField(event)\"\n\t\t\ttype=\"text\" name=\"fields[cb48ab6]\" id=\"form-field-cb48ab6\" class=\"raven-field\" placeholder=\"Subject\" data-type=\"text\">\n\t\t\t\t<\/div>\n\t\t\t\t<div id=\"raven-field-group-26250f8\" class=\"raven-flex-wrap raven-field-type-textarea raven-field-group elementor-column elementor-col-100 raven-field-required\">\n\t\t\t\t\t<textarea\n\t\t\toninput=\"onInvalidRavenFormField(event)\"\n\t\t\toninvalid=\"onInvalidRavenFormField(event)\"\n\t\t\ttype=\"textarea\" name=\"fields[26250f8]\" id=\"form-field-26250f8\" class=\"raven-field\" placeholder=\"Message\" data-type=\"textarea\" required=\"required\"\t\t\trows=\"5\"><\/textarea>\n\t\t\t\t<\/div>\n\t\t\t\t\t<div class=\"raven-field-group raven-field-type-submit-button elementor-column elementor-col-100 justify\">\n\t\t\t\t<button type=\"submit\" class=\"raven-submit-button\">\n\t\t\t\t\t\t\t\t\t\t<span>Envoyer<\/span>\n\t\t\t\t<\/button>\n\t\t\t<\/div>\n\t\t<\/form>\n\n\t\t\t\t<\/div>\n\t\t\t\t<\/div>\n\t\t\t\t\t<\/div>\n\t\t<\/div>\n\t\t\t\t<div class=\"elementor-column elementor-col-50 elementor-top-column elementor-element elementor-element-1dc1273\" data-id=\"1dc1273\" data-element_type=\"column\">\n\t\t\t<div class=\"elementor-widget-wrap elementor-element-populated\">\n\t\t\t\t\t\t\t\t<div class=\"elementor-element elementor-element-2d63ed0 elementor-position-left elementor-vertical-align-top elementor-widget elementor-widget-image-box\" data-id=\"2d63ed0\" data-element_type=\"widget\" data-widget_type=\"image-box.default\">\n\t\t\t\t<div class=\"elementor-widget-container\">\n\t\t\t<div class=\"elementor-image-box-wrapper\"><figure class=\"elementor-image-box-img\"><img loading=\"lazy\" decoding=\"async\" width=\"68\" height=\"64\" src=\"https:\/\/www.valeursetdeveloppement.com\/wp-content\/uploads\/2020\/05\/service-details-icon-support.svg\" class=\"attachment-full size-full\" alt=\"\" \/><\/figure><div class=\"elementor-image-box-content\"><h4 class=\"elementor-image-box-title\">+33 (0)1 45 05 92 52<\/h4><p class=\"elementor-image-box-description\">contact@valeursetdeveloppement.com<\/p><\/div><\/div>\t\t<\/div>\n\t\t\t\t<\/div>\n\t\t\t\t<div class=\"elementor-element elementor-element-6ad1830 elementor-widget elementor-widget-heading\" data-id=\"6ad1830\" data-element_type=\"widget\" data-widget_type=\"heading.default\">\n\t\t\t\t<div class=\"elementor-widget-container\">\n\t\t\t<h3 class=\"elementor-heading-title elementor-size-default\">Paris<\/h3>\t\t<\/div>\n\t\t\t\t<\/div>\n\t\t\t\t<div class=\"elementor-element elementor-element-1eb5c51 elementor-widget elementor-widget-text-editor\" data-id=\"1eb5c51\" data-element_type=\"widget\" data-widget_type=\"text-editor.default\">\n\t\t\t\t<div class=\"elementor-widget-container\">\n\t\t\t\t\t\t\t<p>10 rue de Milan 75009 Paris<\/p><p>M\u00e9tro 13 &#8211; Li\u00e8ge<\/p>\t\t\t\t\t\t<\/div>\n\t\t\t\t<\/div>\n\t\t\t\t\t<\/div>\n\t\t<\/div>\n\t\t\t\t\t\t\t<\/div>\n\t\t<\/section>\n\t\t\t\t<section class=\"elementor-section elementor-top-section elementor-element elementor-element-e04178f elementor-section-full_width elementor-section-height-default elementor-section-height-default\" data-id=\"e04178f\" data-element_type=\"section\">\n\t\t\t\t\t\t<div class=\"elementor-container elementor-column-gap-no\">\n\t\t\t\t\t<div class=\"elementor-column elementor-col-100 elementor-top-column elementor-element elementor-element-17903a3\" data-id=\"17903a3\" data-element_type=\"column\">\n\t\t\t<div class=\"elementor-widget-wrap elementor-element-populated\">\n\t\t\t\t\t\t\t\t<div class=\"elementor-element elementor-element-b83f1d6 elementor-widget elementor-widget-google_maps\" data-id=\"b83f1d6\" data-element_type=\"widget\" data-widget_type=\"google_maps.default\">\n\t\t\t\t<div class=\"elementor-widget-container\">\n\t\t\t\t\t<div class=\"elementor-custom-embed\">\n\t\t\t<iframe frameborder=\"0\" scrolling=\"no\" marginheight=\"0\" marginwidth=\"0\"\n\t\t\t\t\tsrc=\"https:\/\/maps.google.com\/maps?q=70%20avenue%20Kl%C3%A9ber%2C%2075016%20PARIS&#038;t=m&#038;z=10&#038;output=embed&#038;iwloc=near\"\n\t\t\t\t\ttitle=\"70 avenue Kl\u00e9ber, 75016 PARIS\"\n\t\t\t\t\taria-label=\"70 avenue Kl\u00e9ber, 75016 PARIS\"\n\t\t\t><\/iframe>\n\t\t<\/div>\n\t\t\t\t<\/div>\n\t\t\t\t<\/div>\n\t\t\t\t\t<\/div>\n\t\t<\/div>\n\t\t\t\t\t\t\t<\/div>\n\t\t<\/section>\n\t\t\t\t\t\t<\/div>\n\t\t\t\t\t<\/div>\n\t\t","protected":false},"excerpt":{"rendered":"<p>Contact Une demande, une question ? L&#8217;\u00e9quipe est \u00e0 votre disposition. Envoyer +33 (0)1 45 05 92 52 contact@valeursetdeveloppement.com Paris 10 rue de Milan 75009 Paris M\u00e9tro 13 &#8211; Li\u00e8ge<\/p>\n","protected":false},"author":1,"featured_media":0,"parent":0,"menu_order":0,"comment_status":"closed","ping_status":"closed","template":"full-width.php","meta":{"footnotes":""},"class_list":["post-163","page","type-page","status-publish","hentry"],"yoast_head":"<!-- This site is optimized with the Yoast SEO plugin v17.2 - https:\/\/yoast.com\/wordpress\/plugins\/seo\/ -->\n<title>Nous contacter<\/title>\n<meta name=\"robots\" content=\"index, follow, max-snippet:-1, max-image-preview:large, max-video-preview:-1\" \/>\n<link rel=\"canonical\" href=\"https:\/\/www.valeursetdeveloppement.com\/?page_id=163\" \/>\n<meta property=\"og:locale\" content=\"en_US\" \/>\n<meta property=\"og:type\" content=\"article\" \/>\n<meta property=\"og:title\" content=\"Nous contacter\" \/>\n<meta property=\"og:description\" content=\"Contact Une demande, une question ? L&#8217;\u00e9quipe est \u00e0 votre disposition. Envoyer +33 (0)1 45 05 92 52 contact@valeursetdeveloppement.com Paris 10 rue de Milan 75009 Paris M\u00e9tro 13 &#8211; Li\u00e8ge\" \/>\n<meta property=\"og:url\" content=\"https:\/\/www.valeursetdeveloppement.com\/?page_id=163\" \/>\n<meta property=\"og:site_name\" content=\"Valeurs et Developpement\" \/>\n<meta property=\"article:modified_time\" content=\"2024-09-30T06:52:25+00:00\" \/>\n<meta property=\"og:image\" content=\"https:\/\/www.valeursetdeveloppement.com\/wp-content\/uploads\/2020\/05\/service-details-icon-support.svg\" \/>\n<meta name=\"twitter:card\" content=\"summary_large_image\" \/>\n<meta name=\"twitter:label1\" content=\"Est. reading time\" \/>\n\t<meta name=\"twitter:data1\" content=\"1 minute\" \/>\n<script type=\"application\/ld+json\" class=\"yoast-schema-graph\">{\"@context\":\"https:\/\/schema.org\",\"@graph\":[{\"@type\":\"WebSite\",\"@id\":\"https:\/\/www.valeursetdeveloppement.com\/#website\",\"url\":\"https:\/\/www.valeursetdeveloppement.com\/\",\"name\":\"Valeurs et Developpement\",\"description\":\"D\\u00e9veloppement durable de la performance des individus et des organisations\",\"potentialAction\":[{\"@type\":\"SearchAction\",\"target\":{\"@type\":\"EntryPoint\",\"urlTemplate\":\"https:\/\/www.valeursetdeveloppement.com\/?s={search_term_string}\"},\"query-input\":\"required name=search_term_string\"}],\"inLanguage\":\"en-US\"},{\"@type\":\"ImageObject\",\"@id\":\"https:\/\/www.valeursetdeveloppement.com\/?page_id=163#primaryimage\",\"inLanguage\":\"en-US\",\"url\":\"https:\/\/www.valeursetdeveloppement.com\/wp-content\/uploads\/2020\/05\/service-details-icon-support.svg\",\"contentUrl\":\"https:\/\/www.valeursetdeveloppement.com\/wp-content\/uploads\/2020\/05\/service-details-icon-support.svg\",\"width\":67.623,\"height\":64},{\"@type\":\"WebPage\",\"@id\":\"https:\/\/www.valeursetdeveloppement.com\/?page_id=163#webpage\",\"url\":\"https:\/\/www.valeursetdeveloppement.com\/?page_id=163\",\"name\":\"Nous contacter\",\"isPartOf\":{\"@id\":\"https:\/\/www.valeursetdeveloppement.com\/#website\"},\"primaryImageOfPage\":{\"@id\":\"https:\/\/www.valeursetdeveloppement.com\/?page_id=163#primaryimage\"},\"datePublished\":\"2020-05-17T08:48:45+00:00\",\"dateModified\":\"2024-09-30T06:52:25+00:00\",\"breadcrumb\":{\"@id\":\"https:\/\/www.valeursetdeveloppement.com\/?page_id=163#breadcrumb\"},\"inLanguage\":\"en-US\",\"potentialAction\":[{\"@type\":\"ReadAction\",\"target\":[\"https:\/\/www.valeursetdeveloppement.com\/?page_id=163\"]}]},{\"@type\":\"BreadcrumbList\",\"@id\":\"https:\/\/www.valeursetdeveloppement.com\/?page_id=163#breadcrumb\",\"itemListElement\":[{\"@type\":\"ListItem\",\"position\":1,\"name\":\"Accueil\",\"item\":\"https:\/\/www.valeursetdeveloppement.com\/\"},{\"@type\":\"ListItem\",\"position\":2,\"name\":\"Contact\"}]}]}<\/script>\n<!-- \/ Yoast SEO plugin. -->","yoast_head_json":{"title":"Nous contacter","robots":{"index":"index","follow":"follow","max-snippet":"max-snippet:-1","max-image-preview":"max-image-preview:large","max-video-preview":"max-video-preview:-1"},"canonical":"https:\/\/www.valeursetdeveloppement.com\/?page_id=163","og_locale":"en_US","og_type":"article","og_title":"Nous contacter","og_description":"Contact Une demande, une question ? L&#8217;\u00e9quipe est \u00e0 votre disposition. Envoyer +33 (0)1 45 05 92 52 contact@valeursetdeveloppement.com Paris 10 rue de Milan 75009 Paris M\u00e9tro 13 &#8211; Li\u00e8ge","og_url":"https:\/\/www.valeursetdeveloppement.com\/?page_id=163","og_site_name":"Valeurs et Developpement","article_modified_time":"2024-09-30T06:52:25+00:00","og_image":[{"url":"https:\/\/www.valeursetdeveloppement.com\/wp-content\/uploads\/2020\/05\/service-details-icon-support.svg"}],"twitter_card":"summary_large_image","twitter_misc":{"Est. reading time":"1 minute"},"schema":{"@context":"https:\/\/schema.org","@graph":[{"@type":"WebSite","@id":"https:\/\/www.valeursetdeveloppement.com\/#website","url":"https:\/\/www.valeursetdeveloppement.com\/","name":"Valeurs et Developpement","description":"D\u00e9veloppement durable de la performance des individus et des organisations","potentialAction":[{"@type":"SearchAction","target":{"@type":"EntryPoint","urlTemplate":"https:\/\/www.valeursetdeveloppement.com\/?s={search_term_string}"},"query-input":"required name=search_term_string"}],"inLanguage":"en-US"},{"@type":"ImageObject","@id":"https:\/\/www.valeursetdeveloppement.com\/?page_id=163#primaryimage","inLanguage":"en-US","url":"https:\/\/www.valeursetdeveloppement.com\/wp-content\/uploads\/2020\/05\/service-details-icon-support.svg","contentUrl":"https:\/\/www.valeursetdeveloppement.com\/wp-content\/uploads\/2020\/05\/service-details-icon-support.svg","width":67.623,"height":64},{"@type":"WebPage","@id":"https:\/\/www.valeursetdeveloppement.com\/?page_id=163#webpage","url":"https:\/\/www.valeursetdeveloppement.com\/?page_id=163","name":"Nous contacter","isPartOf":{"@id":"https:\/\/www.valeursetdeveloppement.com\/#website"},"primaryImageOfPage":{"@id":"https:\/\/www.valeursetdeveloppement.com\/?page_id=163#primaryimage"},"datePublished":"2020-05-17T08:48:45+00:00","dateModified":"2024-09-30T06:52:25+00:00","breadcrumb":{"@id":"https:\/\/www.valeursetdeveloppement.com\/?page_id=163#breadcrumb"},"inLanguage":"en-US","potentialAction":[{"@type":"ReadAction","target":["https:\/\/www.valeursetdeveloppement.com\/?page_id=163"]}]},{"@type":"BreadcrumbList","@id":"https:\/\/www.valeursetdeveloppement.com\/?page_id=163#breadcrumb","itemListElement":[{"@type":"ListItem","position":1,"name":"Accueil","item":"https:\/\/www.valeursetdeveloppement.com\/"},{"@type":"ListItem","position":2,"name":"Contact"}]}]}},"_links":{"self":[{"href":"https:\/\/www.valeursetdeveloppement.com\/index.php?rest_route=\/wp\/v2\/pages\/163","targetHints":{"allow":["GET"]}}],"collection":[{"href":"https:\/\/www.valeursetdeveloppement.com\/index.php?rest_route=\/wp\/v2\/pages"}],"about":[{"href":"https:\/\/www.valeursetdeveloppement.com\/index.php?rest_route=\/wp\/v2\/types\/page"}],"author":[{"embeddable":true,"href":"https:\/\/www.valeursetdeveloppement.com\/index.php?rest_route=\/wp\/v2\/users\/1"}],"replies":[{"embeddable":true,"href":"https:\/\/www.valeursetdeveloppement.com\/index.php?rest_route=%2Fwp%2Fv2%2Fcomments&post=163"}],"version-history":[{"count":26,"href":"https:\/\/www.valeursetdeveloppement.com\/index.php?rest_route=\/wp\/v2\/pages\/163\/revisions"}],"predecessor-version":[{"id":2148,"href":"https:\/\/www.valeursetdeveloppement.com\/index.php?rest_route=\/wp\/v2\/pages\/163\/revisions\/2148"}],"wp:attachment":[{"href":"https:\/\/www.valeursetdeveloppement.com\/index.php?rest_route=%2Fwp%2Fv2%2Fmedia&parent=163"}],"curies":[{"name":"wp","href":"https:\/\/api.w.org\/{rel}","templated":true}]}}