{"id":157,"date":"2020-05-17T08:42:27","date_gmt":"2020-05-17T08:42:27","guid":{"rendered":"https:\/\/jupiterx.artbees.net\/business-consulting\/?page_id=157"},"modified":"2021-09-22T18:37:57","modified_gmt":"2021-09-22T16:37:57","slug":"blog","status":"publish","type":"page","link":"https:\/\/www.valeursetdeveloppement.com\/?page_id=157","title":{"rendered":"Blog"},"content":{"rendered":"\t\t<div data-elementor-type=\"wp-page\" data-elementor-id=\"157\" class=\"elementor elementor-157\" data-elementor-settings=\"[]\">\n\t\t\t\t\t\t\t<div class=\"elementor-section-wrap\">\n\t\t\t\t\t\t\t<section class=\"elementor-section elementor-top-section elementor-element elementor-element-a640785 elementor-section-boxed elementor-section-height-default elementor-section-height-default\" data-id=\"a640785\" data-element_type=\"section\">\n\t\t\t\t\t\t<div class=\"elementor-container elementor-column-gap-no\">\n\t\t\t\t\t<div class=\"elementor-column elementor-col-100 elementor-top-column elementor-element elementor-element-10241e9\" data-id=\"10241e9\" data-element_type=\"column\">\n\t\t\t<div class=\"elementor-widget-wrap elementor-element-populated\">\n\t\t\t\t\t\t\t\t<div class=\"elementor-element elementor-element-c1f010e elementor-widget elementor-widget-heading\" data-id=\"c1f010e\" data-element_type=\"widget\" data-widget_type=\"heading.default\">\n\t\t\t\t<div class=\"elementor-widget-container\">\n\t\t\t<h1 class=\"elementor-heading-title elementor-size-default\">Actualit\u00e9s<\/h1>\t\t<\/div>\n\t\t\t\t<\/div>\n\t\t\t\t<div class=\"elementor-element elementor-element-34fb63c elementor-align-center elementor-widget elementor-widget-raven-breadcrumbs\" data-id=\"34fb63c\" data-element_type=\"widget\" data-widget_type=\"raven-breadcrumbs.default\">\n\t\t\t\t<div class=\"elementor-widget-container\">\n\t\t\t<div class=\"raven-breadcrumbs raven-breadcrumbs-default\"><ol class=\"breadcrumb\">\t\t\t\t<li class=\"breadcrumb-item active\" aria-current=\"page\"><span>Home<\/span><\/li>\n\n\t\t\t\t<\/ol><\/div>\t\t<\/div>\n\t\t\t\t<\/div>\n\t\t\t\t<div class=\"elementor-element elementor-element-9e7326d raven-hover-scale-down elementor-widget elementor-widget-raven-posts\" data-id=\"9e7326d\" data-element_type=\"widget\" data-settings=\"{&quot;_skin&quot;:&quot;classic&quot;,&quot;classic_layout&quot;:&quot;grid&quot;,&quot;classic_columns&quot;:&quot;3&quot;,&quot;classic_columns_tablet&quot;:&quot;2&quot;,&quot;classic_columns_mobile&quot;:&quot;1&quot;,&quot;query_posts_per_page&quot;:6,&quot;query_offset&quot;:0}\" data-widget_type=\"raven-posts.classic\">\n\t\t\t\t<div class=\"elementor-widget-container\">\n\t\t\t\t\t<div class=\"raven-posts raven-grid raven-grid-3 raven-grid-tablet-2 raven-grid-mobile-1\" data-post-id=\"157\" data-archive-query=\"\">\n\t\t\t\t<div class=\"raven-grid-item raven-post-item post-151 post type-post status-publish format-standard has-post-thumbnail hentry category-uncategorized\">\n\t\t\t<div class=\"raven-post\">\n\t\t\t\t\t\t<div class=\"raven-post-image-wrap\">\n\t\t\t<a class=\"raven-post-image raven-image-fit\" href=\"https:\/\/www.valeursetdeveloppement.com\/?p=151\"><img loading=\"lazy\" decoding=\"async\" width=\"1024\" height=\"341\" src=\"https:\/\/www.valeursetdeveloppement.com\/wp-content\/uploads\/2024\/09\/pissenlit-1024x341.jpeg\" class=\"attachment-large size-large\" alt=\"\" srcset=\"https:\/\/www.valeursetdeveloppement.com\/wp-content\/uploads\/2024\/09\/pissenlit-1024x341.jpeg 1024w, https:\/\/www.valeursetdeveloppement.com\/wp-content\/uploads\/2024\/09\/pissenlit-300x100.jpeg 300w, https:\/\/www.valeursetdeveloppement.com\/wp-content\/uploads\/2024\/09\/pissenlit-768x256.jpeg 768w, https:\/\/www.valeursetdeveloppement.com\/wp-content\/uploads\/2024\/09\/pissenlit-1536x512.jpeg 1536w, https:\/\/www.valeursetdeveloppement.com\/wp-content\/uploads\/2024\/09\/pissenlit-2048x683.jpeg 2048w\" sizes=\"auto, (max-width: 1024px) 100vw, 1024px\" \/> <span class=\"raven-post-image-overlay\"><\/span><\/a>\t\t<\/div>\n\t\t\t\t\t\t<div class=\"raven-post-content\">\n\t\t\t\t\t\t\t<div class=\"raven-post-meta\"><a class=\"raven-post-meta-item raven-post-date\" href=\"https:\/\/www.valeursetdeveloppement.com\/?m=202409\" rel=\"bookmark\">29 September 2024<\/a>\n<span class=\"raven-post-meta-divider\">|<\/span>\n<span class=\"raven-post-meta-item raven-post-categories\"><a href=\"https:\/\/www.valeursetdeveloppement.com\/?cat=1\" rel=\"tag\">Uncategorized<\/a><\/span><\/div>\n\t\t<h2 class=\"raven-post-title\"><a class=\"raven-post-title-link\" href=\"https:\/\/www.valeursetdeveloppement.com\/?p=151\">RH\u00a0: Le d\u00e9veloppement des talents pour passion\u00a0!<\/a><\/h2>\t\t\t\t<\/div>\n\t\t\t<\/div>\n\t\t<\/div>\n\t\t\t\t<div class=\"raven-grid-item raven-post-item post-2091 post type-post status-publish format-standard has-post-thumbnail hentry category-uncategorized\">\n\t\t\t<div class=\"raven-post\">\n\t\t\t\t\t\t<div class=\"raven-post-image-wrap\">\n\t\t\t<a class=\"raven-post-image raven-image-fit\" href=\"https:\/\/www.valeursetdeveloppement.com\/?p=2091\"><img loading=\"lazy\" decoding=\"async\" width=\"1024\" height=\"683\" src=\"https:\/\/www.valeursetdeveloppement.com\/wp-content\/uploads\/2024\/09\/IMG_0436-1024x683.jpg\" class=\"attachment-large size-large\" alt=\"\" srcset=\"https:\/\/www.valeursetdeveloppement.com\/wp-content\/uploads\/2024\/09\/IMG_0436-1024x683.jpg 1024w, https:\/\/www.valeursetdeveloppement.com\/wp-content\/uploads\/2024\/09\/IMG_0436-300x200.jpg 300w, https:\/\/www.valeursetdeveloppement.com\/wp-content\/uploads\/2024\/09\/IMG_0436-768x512.jpg 768w, https:\/\/www.valeursetdeveloppement.com\/wp-content\/uploads\/2024\/09\/IMG_0436-1536x1024.jpg 1536w, https:\/\/www.valeursetdeveloppement.com\/wp-content\/uploads\/2024\/09\/IMG_0436-2048x1365.jpg 2048w\" sizes=\"auto, (max-width: 1024px) 100vw, 1024px\" \/> <span class=\"raven-post-image-overlay\"><\/span><\/a>\t\t<\/div>\n\t\t\t\t\t\t<div class=\"raven-post-content\">\n\t\t\t\t\t\t\t<div class=\"raven-post-meta\"><a class=\"raven-post-meta-item raven-post-date\" href=\"https:\/\/www.valeursetdeveloppement.com\/?m=202409\" rel=\"bookmark\">28 September 2024<\/a>\n<span class=\"raven-post-meta-divider\">|<\/span>\n<span class=\"raven-post-meta-item raven-post-categories\"><a href=\"https:\/\/www.valeursetdeveloppement.com\/?cat=1\" rel=\"tag\">Uncategorized<\/a><\/span><\/div>\n\t\t<h2 class=\"raven-post-title\"><a class=\"raven-post-title-link\" href=\"https:\/\/www.valeursetdeveloppement.com\/?p=2091\">Nos m\u00e9thodes innovantes pour r\u00e9pondre aux enjeux strat\u00e9giques de nos clients !<\/a><\/h2>\t\t\t\t<\/div>\n\t\t\t<\/div>\n\t\t<\/div>\n\t\t\t\t<div class=\"raven-grid-item raven-post-item post-149 post type-post status-publish format-standard has-post-thumbnail hentry category-uncategorized\">\n\t\t\t<div class=\"raven-post\">\n\t\t\t\t\t\t<div class=\"raven-post-image-wrap\">\n\t\t\t<a class=\"raven-post-image raven-image-fit\" href=\"https:\/\/www.valeursetdeveloppement.com\/?p=149\"><img loading=\"lazy\" decoding=\"async\" width=\"1024\" height=\"768\" src=\"https:\/\/www.valeursetdeveloppement.com\/wp-content\/uploads\/2020\/03\/au-coeur-dun-seminaire-1024x768.jpg\" class=\"attachment-large size-large\" alt=\"\" srcset=\"https:\/\/www.valeursetdeveloppement.com\/wp-content\/uploads\/2020\/03\/au-coeur-dun-seminaire-1024x768.jpg 1024w, https:\/\/www.valeursetdeveloppement.com\/wp-content\/uploads\/2020\/03\/au-coeur-dun-seminaire-300x225.jpg 300w, https:\/\/www.valeursetdeveloppement.com\/wp-content\/uploads\/2020\/03\/au-coeur-dun-seminaire-768x576.jpg 768w, https:\/\/www.valeursetdeveloppement.com\/wp-content\/uploads\/2020\/03\/au-coeur-dun-seminaire-1536x1152.jpg 1536w, https:\/\/www.valeursetdeveloppement.com\/wp-content\/uploads\/2020\/03\/au-coeur-dun-seminaire-2048x1536.jpg 2048w\" sizes=\"auto, (max-width: 1024px) 100vw, 1024px\" \/> <span class=\"raven-post-image-overlay\"><\/span><\/a>\t\t<\/div>\n\t\t\t\t\t\t<div class=\"raven-post-content\">\n\t\t\t\t\t\t\t<div class=\"raven-post-meta\"><a class=\"raven-post-meta-item raven-post-date\" href=\"https:\/\/www.valeursetdeveloppement.com\/?m=202409\" rel=\"bookmark\">27 September 2024<\/a>\n<span class=\"raven-post-meta-divider\">|<\/span>\n<span class=\"raven-post-meta-item raven-post-categories\"><a href=\"https:\/\/www.valeursetdeveloppement.com\/?cat=1\" rel=\"tag\">Uncategorized<\/a><\/span><\/div>\n\t\t<h2 class=\"raven-post-title\"><a class=\"raven-post-title-link\" href=\"https:\/\/www.valeursetdeveloppement.com\/?p=149\">Au c\u0153ur d\u2019un s\u00e9minaire sur le l\u00e2cher prise<\/a><\/h2>\t\t\t\t<\/div>\n\t\t\t<\/div>\n\t\t<\/div>\n\t\t\t\t<div class=\"raven-grid-item raven-post-item post-2110 post type-post status-publish format-standard has-post-thumbnail hentry category-uncategorized\">\n\t\t\t<div class=\"raven-post\">\n\t\t\t\t\t\t<div class=\"raven-post-image-wrap\">\n\t\t\t<a class=\"raven-post-image raven-image-fit\" href=\"https:\/\/www.valeursetdeveloppement.com\/?p=2110\"><img loading=\"lazy\" decoding=\"async\" width=\"835\" height=\"490\" src=\"https:\/\/www.valeursetdeveloppement.com\/wp-content\/uploads\/2024\/09\/PLS.png\" class=\"attachment-large size-large\" alt=\"\" srcset=\"https:\/\/www.valeursetdeveloppement.com\/wp-content\/uploads\/2024\/09\/PLS.png 835w, https:\/\/www.valeursetdeveloppement.com\/wp-content\/uploads\/2024\/09\/PLS-300x176.png 300w, https:\/\/www.valeursetdeveloppement.com\/wp-content\/uploads\/2024\/09\/PLS-768x451.png 768w\" sizes=\"auto, (max-width: 835px) 100vw, 835px\" \/> <span class=\"raven-post-image-overlay\"><\/span><\/a>\t\t<\/div>\n\t\t\t\t\t\t<div class=\"raven-post-content\">\n\t\t\t\t\t\t\t<div class=\"raven-post-meta\"><a class=\"raven-post-meta-item raven-post-date\" href=\"https:\/\/www.valeursetdeveloppement.com\/?m=202409\" rel=\"bookmark\">26 September 2024<\/a>\n<span class=\"raven-post-meta-divider\">|<\/span>\n<span class=\"raven-post-meta-item raven-post-categories\"><a href=\"https:\/\/www.valeursetdeveloppement.com\/?cat=1\" rel=\"tag\">Uncategorized<\/a><\/span><\/div>\n\t\t<h2 class=\"raven-post-title\"><a class=\"raven-post-title-link\" href=\"https:\/\/www.valeursetdeveloppement.com\/?p=2110\">Outils et accompagnement : l\u2019interview de Patricia Sales Loiseau<\/a><\/h2>\t\t\t\t<\/div>\n\t\t\t<\/div>\n\t\t<\/div>\n\t\t\t\t<div class=\"raven-grid-item raven-post-item post-2121 post type-post status-publish format-standard has-post-thumbnail hentry category-uncategorized\">\n\t\t\t<div class=\"raven-post\">\n\t\t\t\t\t\t<div class=\"raven-post-image-wrap\">\n\t\t\t<a class=\"raven-post-image raven-image-fit\" href=\"https:\/\/www.valeursetdeveloppement.com\/?p=2121\"><img loading=\"lazy\" decoding=\"async\" width=\"1024\" height=\"683\" src=\"https:\/\/www.valeursetdeveloppement.com\/wp-content\/uploads\/2024\/09\/AdobeStock_91518414-scaled-1-1024x683.jpeg\" class=\"attachment-large size-large\" alt=\"\" srcset=\"https:\/\/www.valeursetdeveloppement.com\/wp-content\/uploads\/2024\/09\/AdobeStock_91518414-scaled-1-1024x683.jpeg 1024w, https:\/\/www.valeursetdeveloppement.com\/wp-content\/uploads\/2024\/09\/AdobeStock_91518414-scaled-1-300x200.jpeg 300w, https:\/\/www.valeursetdeveloppement.com\/wp-content\/uploads\/2024\/09\/AdobeStock_91518414-scaled-1-768x512.jpeg 768w, https:\/\/www.valeursetdeveloppement.com\/wp-content\/uploads\/2024\/09\/AdobeStock_91518414-scaled-1-1536x1024.jpeg 1536w, https:\/\/www.valeursetdeveloppement.com\/wp-content\/uploads\/2024\/09\/AdobeStock_91518414-scaled-1-2048x1366.jpeg 2048w\" sizes=\"auto, (max-width: 1024px) 100vw, 1024px\" \/> <span class=\"raven-post-image-overlay\"><\/span><\/a>\t\t<\/div>\n\t\t\t\t\t\t<div class=\"raven-post-content\">\n\t\t\t\t\t\t\t<div class=\"raven-post-meta\"><a class=\"raven-post-meta-item raven-post-date\" href=\"https:\/\/www.valeursetdeveloppement.com\/?m=202409\" rel=\"bookmark\">3 September 2024<\/a>\n<span class=\"raven-post-meta-divider\">|<\/span>\n<span class=\"raven-post-meta-item raven-post-categories\"><a href=\"https:\/\/www.valeursetdeveloppement.com\/?cat=1\" rel=\"tag\">Uncategorized<\/a><\/span><\/div>\n\t\t<h2 class=\"raven-post-title\"><a class=\"raven-post-title-link\" href=\"https:\/\/www.valeursetdeveloppement.com\/?p=2121\">10\u00e8me Anniversaire de Valeurs &#038; D\u00e9veloppement : le mot de Laurent Derivery<\/a><\/h2>\t\t\t\t<\/div>\n\t\t\t<\/div>\n\t\t<\/div>\n\t\t\t\t<div class=\"raven-grid-item raven-post-item post-2107 post type-post status-publish format-standard has-post-thumbnail hentry category-uncategorized\">\n\t\t\t<div class=\"raven-post\">\n\t\t\t\t\t\t<div class=\"raven-post-image-wrap\">\n\t\t\t<a class=\"raven-post-image raven-image-fit\" href=\"https:\/\/www.valeursetdeveloppement.com\/?p=2107\"><img loading=\"lazy\" decoding=\"async\" width=\"1024\" height=\"735\" src=\"https:\/\/www.valeursetdeveloppement.com\/wp-content\/uploads\/2024\/09\/les-silencieuses-bg-e1643728324517-1024x735.jpg\" class=\"attachment-large size-large\" alt=\"\" srcset=\"https:\/\/www.valeursetdeveloppement.com\/wp-content\/uploads\/2024\/09\/les-silencieuses-bg-e1643728324517-1024x735.jpg 1024w, https:\/\/www.valeursetdeveloppement.com\/wp-content\/uploads\/2024\/09\/les-silencieuses-bg-e1643728324517-300x215.jpg 300w, https:\/\/www.valeursetdeveloppement.com\/wp-content\/uploads\/2024\/09\/les-silencieuses-bg-e1643728324517-768x551.jpg 768w, https:\/\/www.valeursetdeveloppement.com\/wp-content\/uploads\/2024\/09\/les-silencieuses-bg-e1643728324517-1536x1103.jpg 1536w, https:\/\/www.valeursetdeveloppement.com\/wp-content\/uploads\/2024\/09\/les-silencieuses-bg-e1643728324517.jpg 1900w\" sizes=\"auto, (max-width: 1024px) 100vw, 1024px\" \/> <span class=\"raven-post-image-overlay\"><\/span><\/a>\t\t<\/div>\n\t\t\t\t\t\t<div class=\"raven-post-content\">\n\t\t\t\t\t\t\t<div class=\"raven-post-meta\"><a class=\"raven-post-meta-item raven-post-date\" href=\"https:\/\/www.valeursetdeveloppement.com\/?m=202409\" rel=\"bookmark\">3 September 2024<\/a>\n<span class=\"raven-post-meta-divider\">|<\/span>\n<span class=\"raven-post-meta-item raven-post-categories\"><a href=\"https:\/\/www.valeursetdeveloppement.com\/?cat=1\" rel=\"tag\">Uncategorized<\/a><\/span><\/div>\n\t\t<h2 class=\"raven-post-title\"><a class=\"raven-post-title-link\" href=\"https:\/\/www.valeursetdeveloppement.com\/?p=2107\">D\u00e9marrer l\u2019ann\u00e9e avec un moment po\u00e9tique et percutant !<\/a><\/h2>\t\t\t\t<\/div>\n\t\t\t<\/div>\n\t\t<\/div>\n\t\t\t\t<\/div>\n\t\t\t\t<\/div>\n\t\t\t\t<\/div>\n\t\t\t\t\t<\/div>\n\t\t<\/div>\n\t\t\t\t\t\t\t<\/div>\n\t\t<\/section>\n\t\t\t\t\t\t<\/div>\n\t\t\t\t\t<\/div>\n\t\t","protected":false},"excerpt":{"rendered":"<p>Actualit\u00e9s Home 5 d\u00e9cembre 2020 | Strategy planing Construction industry as their over draft 24 octobre 2020 | Taxes &amp; Efficiency Construction industry as their over draft 25 ao\u00fbt 2020 | Strategy planing Construction industry as their over draft 20 juillet 2020 | Taxes &amp; Efficiency Construction industry as their over draft 17 mai 2020 [&hellip;]<\/p>\n","protected":false},"author":1,"featured_media":0,"parent":0,"menu_order":0,"comment_status":"closed","ping_status":"closed","template":"full-width.php","meta":{"footnotes":""},"class_list":["post-157","page","type-page","status-publish","hentry"],"yoast_head":"<!-- This site is optimized with the Yoast SEO plugin v17.2 - https:\/\/yoast.com\/wordpress\/plugins\/seo\/ -->\n<title>Business Consulting - Jupiter X Templates<\/title>\n<meta name=\"description\" content=\"Seeking a credible &amp; top-level designed template with blog section for your consulting business? Jupiter X WP Theme\u2019s Business Consulting website template is exactly what you want.\" \/>\n<meta name=\"robots\" content=\"index, follow, max-snippet:-1, max-image-preview:large, max-video-preview:-1\" \/>\n<link rel=\"canonical\" href=\"https:\/\/www.valeursetdeveloppement.com\/?page_id=157\" \/>\n<meta property=\"og:locale\" content=\"en_US\" \/>\n<meta property=\"og:type\" content=\"article\" \/>\n<meta property=\"og:title\" content=\"Business Consulting - Jupiter X Templates\" \/>\n<meta property=\"og:description\" content=\"Seeking a credible &amp; top-level designed template with blog section for your consulting business? Jupiter X WP Theme\u2019s Business Consulting website template is exactly what you want.\" \/>\n<meta property=\"og:url\" content=\"https:\/\/www.valeursetdeveloppement.com\/?page_id=157\" \/>\n<meta property=\"og:site_name\" content=\"Valeurs et Developpement\" \/>\n<meta property=\"article:modified_time\" content=\"2021-09-22T16:37:57+00:00\" \/>\n<meta property=\"og:image\" content=\"https:\/\/www.valeursetdeveloppement.com\/wp-content\/uploads\/2020\/05\/home-case-02-1-1024x734.jpg\" \/>\n<meta name=\"twitter:card\" content=\"summary_large_image\" \/>\n<script type=\"application\/ld+json\" class=\"yoast-schema-graph\">{\"@context\":\"https:\/\/schema.org\",\"@graph\":[{\"@type\":\"WebSite\",\"@id\":\"https:\/\/www.valeursetdeveloppement.com\/#website\",\"url\":\"https:\/\/www.valeursetdeveloppement.com\/\",\"name\":\"Valeurs et Developpement\",\"description\":\"D\\u00e9veloppement durable de la performance des individus et des organisations\",\"potentialAction\":[{\"@type\":\"SearchAction\",\"target\":{\"@type\":\"EntryPoint\",\"urlTemplate\":\"https:\/\/www.valeursetdeveloppement.com\/?s={search_term_string}\"},\"query-input\":\"required name=search_term_string\"}],\"inLanguage\":\"en-US\"},{\"@type\":\"ImageObject\",\"@id\":\"https:\/\/www.valeursetdeveloppement.com\/?page_id=157#primaryimage\",\"inLanguage\":\"en-US\",\"url\":\"https:\/\/www.valeursetdeveloppement.com\/wp-content\/uploads\/2020\/05\/home-case-02-1.jpg\",\"contentUrl\":\"https:\/\/www.valeursetdeveloppement.com\/wp-content\/uploads\/2020\/05\/home-case-02-1.jpg\",\"width\":1920,\"height\":1377},{\"@type\":\"WebPage\",\"@id\":\"https:\/\/www.valeursetdeveloppement.com\/?page_id=157#webpage\",\"url\":\"https:\/\/www.valeursetdeveloppement.com\/?page_id=157\",\"name\":\"Business Consulting - Jupiter X Templates\",\"isPartOf\":{\"@id\":\"https:\/\/www.valeursetdeveloppement.com\/#website\"},\"primaryImageOfPage\":{\"@id\":\"https:\/\/www.valeursetdeveloppement.com\/?page_id=157#primaryimage\"},\"datePublished\":\"2020-05-17T08:42:27+00:00\",\"dateModified\":\"2021-09-22T16:37:57+00:00\",\"description\":\"Seeking a credible & top-level designed template with blog section for your consulting business? Jupiter X WP Theme\\u2019s Business Consulting website template is exactly what you want.\",\"breadcrumb\":{\"@id\":\"https:\/\/www.valeursetdeveloppement.com\/?page_id=157#breadcrumb\"},\"inLanguage\":\"en-US\",\"potentialAction\":[{\"@type\":\"ReadAction\",\"target\":[\"https:\/\/www.valeursetdeveloppement.com\/?page_id=157\"]}]},{\"@type\":\"BreadcrumbList\",\"@id\":\"https:\/\/www.valeursetdeveloppement.com\/?page_id=157#breadcrumb\",\"itemListElement\":[{\"@type\":\"ListItem\",\"position\":1,\"name\":\"Accueil\",\"item\":\"https:\/\/www.valeursetdeveloppement.com\/\"},{\"@type\":\"ListItem\",\"position\":2,\"name\":\"Blog\"}]}]}<\/script>\n<!-- \/ Yoast SEO plugin. -->","yoast_head_json":{"title":"Business Consulting - Jupiter X Templates","description":"Seeking a credible & top-level designed template with blog section for your consulting business? Jupiter X WP Theme\u2019s Business Consulting website template is exactly what you want.","robots":{"index":"index","follow":"follow","max-snippet":"max-snippet:-1","max-image-preview":"max-image-preview:large","max-video-preview":"max-video-preview:-1"},"canonical":"https:\/\/www.valeursetdeveloppement.com\/?page_id=157","og_locale":"en_US","og_type":"article","og_title":"Business Consulting - Jupiter X Templates","og_description":"Seeking a credible & top-level designed template with blog section for your consulting business? Jupiter X WP Theme\u2019s Business Consulting website template is exactly what you want.","og_url":"https:\/\/www.valeursetdeveloppement.com\/?page_id=157","og_site_name":"Valeurs et Developpement","article_modified_time":"2021-09-22T16:37:57+00:00","og_image":[{"url":"https:\/\/www.valeursetdeveloppement.com\/wp-content\/uploads\/2020\/05\/home-case-02-1-1024x734.jpg"}],"twitter_card":"summary_large_image","schema":{"@context":"https:\/\/schema.org","@graph":[{"@type":"WebSite","@id":"https:\/\/www.valeursetdeveloppement.com\/#website","url":"https:\/\/www.valeursetdeveloppement.com\/","name":"Valeurs et Developpement","description":"D\u00e9veloppement durable de la performance des individus et des organisations","potentialAction":[{"@type":"SearchAction","target":{"@type":"EntryPoint","urlTemplate":"https:\/\/www.valeursetdeveloppement.com\/?s={search_term_string}"},"query-input":"required name=search_term_string"}],"inLanguage":"en-US"},{"@type":"ImageObject","@id":"https:\/\/www.valeursetdeveloppement.com\/?page_id=157#primaryimage","inLanguage":"en-US","url":"https:\/\/www.valeursetdeveloppement.com\/wp-content\/uploads\/2020\/05\/home-case-02-1.jpg","contentUrl":"https:\/\/www.valeursetdeveloppement.com\/wp-content\/uploads\/2020\/05\/home-case-02-1.jpg","width":1920,"height":1377},{"@type":"WebPage","@id":"https:\/\/www.valeursetdeveloppement.com\/?page_id=157#webpage","url":"https:\/\/www.valeursetdeveloppement.com\/?page_id=157","name":"Business Consulting - Jupiter X Templates","isPartOf":{"@id":"https:\/\/www.valeursetdeveloppement.com\/#website"},"primaryImageOfPage":{"@id":"https:\/\/www.valeursetdeveloppement.com\/?page_id=157#primaryimage"},"datePublished":"2020-05-17T08:42:27+00:00","dateModified":"2021-09-22T16:37:57+00:00","description":"Seeking a credible & top-level designed template with blog section for your consulting business? Jupiter X WP Theme\u2019s Business Consulting website template is exactly what you want.","breadcrumb":{"@id":"https:\/\/www.valeursetdeveloppement.com\/?page_id=157#breadcrumb"},"inLanguage":"en-US","potentialAction":[{"@type":"ReadAction","target":["https:\/\/www.valeursetdeveloppement.com\/?page_id=157"]}]},{"@type":"BreadcrumbList","@id":"https:\/\/www.valeursetdeveloppement.com\/?page_id=157#breadcrumb","itemListElement":[{"@type":"ListItem","position":1,"name":"Accueil","item":"https:\/\/www.valeursetdeveloppement.com\/"},{"@type":"ListItem","position":2,"name":"Blog"}]}]}},"_links":{"self":[{"href":"https:\/\/www.valeursetdeveloppement.com\/index.php?rest_route=\/wp\/v2\/pages\/157","targetHints":{"allow":["GET"]}}],"collection":[{"href":"https:\/\/www.valeursetdeveloppement.com\/index.php?rest_route=\/wp\/v2\/pages"}],"about":[{"href":"https:\/\/www.valeursetdeveloppement.com\/index.php?rest_route=\/wp\/v2\/types\/page"}],"author":[{"embeddable":true,"href":"https:\/\/www.valeursetdeveloppement.com\/index.php?rest_route=\/wp\/v2\/users\/1"}],"replies":[{"embeddable":true,"href":"https:\/\/www.valeursetdeveloppement.com\/index.php?rest_route=%2Fwp%2Fv2%2Fcomments&post=157"}],"version-history":[{"count":3,"href":"https:\/\/www.valeursetdeveloppement.com\/index.php?rest_route=\/wp\/v2\/pages\/157\/revisions"}],"predecessor-version":[{"id":659,"href":"https:\/\/www.valeursetdeveloppement.com\/index.php?rest_route=\/wp\/v2\/pages\/157\/revisions\/659"}],"wp:attachment":[{"href":"https:\/\/www.valeursetdeveloppement.com\/index.php?rest_route=%2Fwp%2Fv2%2Fmedia&parent=157"}],"curies":[{"name":"wp","href":"https:\/\/api.w.org\/{rel}","templated":true}]}}