{"id":138,"date":"2020-05-17T07:58:23","date_gmt":"2020-05-17T07:58:23","guid":{"rendered":"https:\/\/jupiterx.artbees.net\/business-consulting\/?page_id=138"},"modified":"2021-11-03T19:23:55","modified_gmt":"2021-11-03T18:23:55","slug":"case","status":"publish","type":"page","link":"https:\/\/www.valeursetdeveloppement.com\/?page_id=138","title":{"rendered":"Case"},"content":{"rendered":"\t\t<div data-elementor-type=\"wp-page\" data-elementor-id=\"138\" class=\"elementor elementor-138\" data-elementor-settings=\"[]\">\n\t\t\t\t\t\t\t<div class=\"elementor-section-wrap\">\n\t\t\t\t\t\t\t<section class=\"elementor-section elementor-top-section elementor-element elementor-element-517e720 elementor-section-boxed elementor-section-height-default elementor-section-height-default\" data-id=\"517e720\" data-element_type=\"section\">\n\t\t\t\t\t\t<div class=\"elementor-container elementor-column-gap-no\">\n\t\t\t\t\t<div class=\"elementor-column elementor-col-100 elementor-top-column elementor-element elementor-element-afcb7d6\" data-id=\"afcb7d6\" data-element_type=\"column\">\n\t\t\t<div class=\"elementor-widget-wrap elementor-element-populated\">\n\t\t\t\t\t\t\t\t<div class=\"elementor-element elementor-element-0b3f01d elementor-widget elementor-widget-heading\" data-id=\"0b3f01d\" data-element_type=\"widget\" data-widget_type=\"heading.default\">\n\t\t\t\t<div class=\"elementor-widget-container\">\n\t\t\t<h1 class=\"elementor-heading-title elementor-size-default\">Cas clients<\/h1>\t\t<\/div>\n\t\t\t\t<\/div>\n\t\t\t\t<div class=\"elementor-element elementor-element-0f79963 raven-hover-scale-down elementor-widget elementor-widget-raven-posts\" data-id=\"0f79963\" data-element_type=\"widget\" data-settings=\"{&quot;classic_columns&quot;:&quot;2&quot;,&quot;_skin&quot;:&quot;classic&quot;,&quot;classic_layout&quot;:&quot;grid&quot;,&quot;classic_columns_tablet&quot;:&quot;2&quot;,&quot;classic_columns_mobile&quot;:&quot;1&quot;,&quot;query_posts_per_page&quot;:6,&quot;query_offset&quot;:0}\" data-widget_type=\"raven-posts.classic\">\n\t\t\t\t<div class=\"elementor-widget-container\">\n\t\t\t\t\t<div class=\"raven-posts raven-grid raven-grid-2 raven-grid-tablet-2 raven-grid-mobile-1\" data-post-id=\"138\" data-archive-query=\"\">\n\t\t\t\t<div class=\"raven-grid-item raven-post-item post-130 portfolio type-portfolio status-publish has-post-thumbnail hentry\">\n\t\t\t<div class=\"raven-post\">\n\t\t\t\t\t\t<div class=\"raven-post-image-wrap\">\n\t\t\t<span class=\"raven-post-image raven-image-fit\" ><img loading=\"lazy\" decoding=\"async\" width=\"1024\" height=\"683\" src=\"https:\/\/www.valeursetdeveloppement.com\/wp-content\/uploads\/2020\/05\/Image2-1024x683.jpg\" class=\"attachment-large size-large\" alt=\"\" srcset=\"https:\/\/www.valeursetdeveloppement.com\/wp-content\/uploads\/2020\/05\/Image2-1024x683.jpg 1024w, https:\/\/www.valeursetdeveloppement.com\/wp-content\/uploads\/2020\/05\/Image2-300x200.jpg 300w, https:\/\/www.valeursetdeveloppement.com\/wp-content\/uploads\/2020\/05\/Image2-768x512.jpg 768w, https:\/\/www.valeursetdeveloppement.com\/wp-content\/uploads\/2020\/05\/Image2-1536x1025.jpg 1536w, https:\/\/www.valeursetdeveloppement.com\/wp-content\/uploads\/2020\/05\/Image2.jpg 1739w\" sizes=\"auto, (max-width: 1024px) 100vw, 1024px\" \/> <span class=\"raven-post-image-overlay\">\t\t<span class=\"raven-post-overlay-icons\" >\n\t\t\t\t\t\t<\/span>\n\t\t<\/span><\/span>\t\t<\/div>\n\t\t\t\t\t\t<div class=\"raven-post-content\">\n\t\t\t\t\t<h2 class=\"raven-post-title\"><a class=\"raven-post-title-link\" href=\"https:\/\/www.valeursetdeveloppement.com\/?portfolio=ameliorer-la-collaboration-de-deux-entites-en-afrique\">Am\u00e9liorer la collaboration de 2 entit\u00e9s en Afrique<\/a><\/h2>\t\t\t\t<\/div>\n\t\t\t<\/div>\n\t\t<\/div>\n\t\t\t\t<div class=\"raven-grid-item raven-post-item post-129 portfolio type-portfolio status-publish has-post-thumbnail hentry portfolio_category-secteur-finance\">\n\t\t\t<div class=\"raven-post\">\n\t\t\t\t\t\t<div class=\"raven-post-image-wrap\">\n\t\t\t<span class=\"raven-post-image raven-image-fit\" ><img loading=\"lazy\" decoding=\"async\" width=\"1024\" height=\"1024\" src=\"https:\/\/www.valeursetdeveloppement.com\/wp-content\/uploads\/2020\/05\/AdobeStock_68625954-1-1024x1024.jpeg\" class=\"attachment-large size-large\" alt=\"\" srcset=\"https:\/\/www.valeursetdeveloppement.com\/wp-content\/uploads\/2020\/05\/AdobeStock_68625954-1-1024x1024.jpeg 1024w, https:\/\/www.valeursetdeveloppement.com\/wp-content\/uploads\/2020\/05\/AdobeStock_68625954-1-300x300.jpeg 300w, https:\/\/www.valeursetdeveloppement.com\/wp-content\/uploads\/2020\/05\/AdobeStock_68625954-1-150x150.jpeg 150w, https:\/\/www.valeursetdeveloppement.com\/wp-content\/uploads\/2020\/05\/AdobeStock_68625954-1-768x768.jpeg 768w, https:\/\/www.valeursetdeveloppement.com\/wp-content\/uploads\/2020\/05\/AdobeStock_68625954-1-1536x1536.jpeg 1536w, https:\/\/www.valeursetdeveloppement.com\/wp-content\/uploads\/2020\/05\/AdobeStock_68625954-1-2048x2048.jpeg 2048w, https:\/\/www.valeursetdeveloppement.com\/wp-content\/uploads\/2020\/05\/AdobeStock_68625954-1-500x500.jpeg 500w\" sizes=\"auto, (max-width: 1024px) 100vw, 1024px\" \/> <span class=\"raven-post-image-overlay\">\t\t<span class=\"raven-post-overlay-icons\" >\n\t\t\t\t\t\t<\/span>\n\t\t<\/span><\/span>\t\t<\/div>\n\t\t\t\t\t\t<div class=\"raven-post-content\">\n\t\t\t\t\t\t\t<div class=\"raven-post-meta\"><span class=\"raven-post-meta-item raven-post-categories\"><a href=\"https:\/\/www.valeursetdeveloppement.com\/?portfolio_category=secteur-finance\" rel=\"tag\">Secteur Finance<\/a><\/span><\/div>\n\t\t<h2 class=\"raven-post-title\"><a class=\"raven-post-title-link\" href=\"https:\/\/www.valeursetdeveloppement.com\/?portfolio=retail-banks-wake-up-to-digital-lending-this-year-2\">Op\u00e9rer un changement culturel pour devenir un leader D&#038;I de son secteur<\/a><\/h2>\t\t\t\t<\/div>\n\t\t\t<\/div>\n\t\t<\/div>\n\t\t\t\t<\/div>\n\t\t\t\t<\/div>\n\t\t\t\t<\/div>\n\t\t\t\t\t<\/div>\n\t\t<\/div>\n\t\t\t\t\t\t\t<\/div>\n\t\t<\/section>\n\t\t\t\t\t\t<\/div>\n\t\t\t\t\t<\/div>\n\t\t","protected":false},"excerpt":{"rendered":"<p>Cas clients Congr\u00e9gation religieuse Am\u00e9liorer la collaboration de 2 congr\u00e9gations religieuses en Afrique Congr\u00e9gation religieuse, Secteur Finance Op\u00e9rer un changement culturel pour devenir un leader D&#038;I de son secteur<\/p>\n","protected":false},"author":1,"featured_media":0,"parent":0,"menu_order":0,"comment_status":"closed","ping_status":"closed","template":"full-width.php","meta":{"footnotes":""},"class_list":["post-138","page","type-page","status-publish","hentry"],"yoast_head":"<!-- This site is optimized with the Yoast SEO plugin v17.2 - https:\/\/yoast.com\/wordpress\/plugins\/seo\/ -->\n<title>Business Consulting - Jupiter X Templates<\/title>\n<meta name=\"description\" content=\"Seeking a credible &amp; top-level designed template with blog section for your consulting business? Jupiter X WP Theme\u2019s Business Consulting website template is exactly what you want.\" \/>\n<meta name=\"robots\" content=\"index, follow, max-snippet:-1, max-image-preview:large, max-video-preview:-1\" \/>\n<link rel=\"canonical\" href=\"https:\/\/www.valeursetdeveloppement.com\/?page_id=138\" \/>\n<meta property=\"og:locale\" content=\"en_US\" \/>\n<meta property=\"og:type\" content=\"article\" \/>\n<meta property=\"og:title\" content=\"Business Consulting - Jupiter X Templates\" \/>\n<meta property=\"og:description\" content=\"Seeking a credible &amp; top-level designed template with blog section for your consulting business? Jupiter X WP Theme\u2019s Business Consulting website template is exactly what you want.\" \/>\n<meta property=\"og:url\" content=\"https:\/\/www.valeursetdeveloppement.com\/?page_id=138\" \/>\n<meta property=\"og:site_name\" content=\"Valeurs et Developpement\" \/>\n<meta property=\"article:modified_time\" content=\"2021-11-03T18:23:55+00:00\" \/>\n<meta property=\"og:image\" content=\"https:\/\/www.valeursetdeveloppement.com\/wp-content\/uploads\/2020\/05\/home-case-05-1-1024x734.jpg\" \/>\n<meta name=\"twitter:card\" content=\"summary_large_image\" \/>\n<meta name=\"twitter:label1\" content=\"Est. reading time\" \/>\n\t<meta name=\"twitter:data1\" content=\"1 minute\" \/>\n<script type=\"application\/ld+json\" class=\"yoast-schema-graph\">{\"@context\":\"https:\/\/schema.org\",\"@graph\":[{\"@type\":\"WebSite\",\"@id\":\"https:\/\/www.valeursetdeveloppement.com\/#website\",\"url\":\"https:\/\/www.valeursetdeveloppement.com\/\",\"name\":\"Valeurs et Developpement\",\"description\":\"D\\u00e9veloppement durable de la performance des individus et des organisations\",\"potentialAction\":[{\"@type\":\"SearchAction\",\"target\":{\"@type\":\"EntryPoint\",\"urlTemplate\":\"https:\/\/www.valeursetdeveloppement.com\/?s={search_term_string}\"},\"query-input\":\"required name=search_term_string\"}],\"inLanguage\":\"en-US\"},{\"@type\":\"ImageObject\",\"@id\":\"https:\/\/www.valeursetdeveloppement.com\/?page_id=138#primaryimage\",\"inLanguage\":\"en-US\",\"url\":\"https:\/\/www.valeursetdeveloppement.com\/wp-content\/uploads\/2020\/05\/home-case-05-1.jpg\",\"contentUrl\":\"https:\/\/www.valeursetdeveloppement.com\/wp-content\/uploads\/2020\/05\/home-case-05-1.jpg\",\"width\":1920,\"height\":1377},{\"@type\":\"WebPage\",\"@id\":\"https:\/\/www.valeursetdeveloppement.com\/?page_id=138#webpage\",\"url\":\"https:\/\/www.valeursetdeveloppement.com\/?page_id=138\",\"name\":\"Business Consulting - Jupiter X Templates\",\"isPartOf\":{\"@id\":\"https:\/\/www.valeursetdeveloppement.com\/#website\"},\"primaryImageOfPage\":{\"@id\":\"https:\/\/www.valeursetdeveloppement.com\/?page_id=138#primaryimage\"},\"datePublished\":\"2020-05-17T07:58:23+00:00\",\"dateModified\":\"2021-11-03T18:23:55+00:00\",\"description\":\"Seeking a credible & top-level designed template with blog section for your consulting business? Jupiter X WP Theme\\u2019s Business Consulting website template is exactly what you want.\",\"breadcrumb\":{\"@id\":\"https:\/\/www.valeursetdeveloppement.com\/?page_id=138#breadcrumb\"},\"inLanguage\":\"en-US\",\"potentialAction\":[{\"@type\":\"ReadAction\",\"target\":[\"https:\/\/www.valeursetdeveloppement.com\/?page_id=138\"]}]},{\"@type\":\"BreadcrumbList\",\"@id\":\"https:\/\/www.valeursetdeveloppement.com\/?page_id=138#breadcrumb\",\"itemListElement\":[{\"@type\":\"ListItem\",\"position\":1,\"name\":\"Accueil\",\"item\":\"https:\/\/www.valeursetdeveloppement.com\/\"},{\"@type\":\"ListItem\",\"position\":2,\"name\":\"Case\"}]}]}<\/script>\n<!-- \/ Yoast SEO plugin. -->","yoast_head_json":{"title":"Business Consulting - Jupiter X Templates","description":"Seeking a credible & top-level designed template with blog section for your consulting business? Jupiter X WP Theme\u2019s Business Consulting website template is exactly what you want.","robots":{"index":"index","follow":"follow","max-snippet":"max-snippet:-1","max-image-preview":"max-image-preview:large","max-video-preview":"max-video-preview:-1"},"canonical":"https:\/\/www.valeursetdeveloppement.com\/?page_id=138","og_locale":"en_US","og_type":"article","og_title":"Business Consulting - Jupiter X Templates","og_description":"Seeking a credible & top-level designed template with blog section for your consulting business? Jupiter X WP Theme\u2019s Business Consulting website template is exactly what you want.","og_url":"https:\/\/www.valeursetdeveloppement.com\/?page_id=138","og_site_name":"Valeurs et Developpement","article_modified_time":"2021-11-03T18:23:55+00:00","og_image":[{"url":"https:\/\/www.valeursetdeveloppement.com\/wp-content\/uploads\/2020\/05\/home-case-05-1-1024x734.jpg"}],"twitter_card":"summary_large_image","twitter_misc":{"Est. reading time":"1 minute"},"schema":{"@context":"https:\/\/schema.org","@graph":[{"@type":"WebSite","@id":"https:\/\/www.valeursetdeveloppement.com\/#website","url":"https:\/\/www.valeursetdeveloppement.com\/","name":"Valeurs et Developpement","description":"D\u00e9veloppement durable de la performance des individus et des organisations","potentialAction":[{"@type":"SearchAction","target":{"@type":"EntryPoint","urlTemplate":"https:\/\/www.valeursetdeveloppement.com\/?s={search_term_string}"},"query-input":"required name=search_term_string"}],"inLanguage":"en-US"},{"@type":"ImageObject","@id":"https:\/\/www.valeursetdeveloppement.com\/?page_id=138#primaryimage","inLanguage":"en-US","url":"https:\/\/www.valeursetdeveloppement.com\/wp-content\/uploads\/2020\/05\/home-case-05-1.jpg","contentUrl":"https:\/\/www.valeursetdeveloppement.com\/wp-content\/uploads\/2020\/05\/home-case-05-1.jpg","width":1920,"height":1377},{"@type":"WebPage","@id":"https:\/\/www.valeursetdeveloppement.com\/?page_id=138#webpage","url":"https:\/\/www.valeursetdeveloppement.com\/?page_id=138","name":"Business Consulting - Jupiter X Templates","isPartOf":{"@id":"https:\/\/www.valeursetdeveloppement.com\/#website"},"primaryImageOfPage":{"@id":"https:\/\/www.valeursetdeveloppement.com\/?page_id=138#primaryimage"},"datePublished":"2020-05-17T07:58:23+00:00","dateModified":"2021-11-03T18:23:55+00:00","description":"Seeking a credible & top-level designed template with blog section for your consulting business? Jupiter X WP Theme\u2019s Business Consulting website template is exactly what you want.","breadcrumb":{"@id":"https:\/\/www.valeursetdeveloppement.com\/?page_id=138#breadcrumb"},"inLanguage":"en-US","potentialAction":[{"@type":"ReadAction","target":["https:\/\/www.valeursetdeveloppement.com\/?page_id=138"]}]},{"@type":"BreadcrumbList","@id":"https:\/\/www.valeursetdeveloppement.com\/?page_id=138#breadcrumb","itemListElement":[{"@type":"ListItem","position":1,"name":"Accueil","item":"https:\/\/www.valeursetdeveloppement.com\/"},{"@type":"ListItem","position":2,"name":"Case"}]}]}},"_links":{"self":[{"href":"https:\/\/www.valeursetdeveloppement.com\/index.php?rest_route=\/wp\/v2\/pages\/138","targetHints":{"allow":["GET"]}}],"collection":[{"href":"https:\/\/www.valeursetdeveloppement.com\/index.php?rest_route=\/wp\/v2\/pages"}],"about":[{"href":"https:\/\/www.valeursetdeveloppement.com\/index.php?rest_route=\/wp\/v2\/types\/page"}],"author":[{"embeddable":true,"href":"https:\/\/www.valeursetdeveloppement.com\/index.php?rest_route=\/wp\/v2\/users\/1"}],"replies":[{"embeddable":true,"href":"https:\/\/www.valeursetdeveloppement.com\/index.php?rest_route=%2Fwp%2Fv2%2Fcomments&post=138"}],"version-history":[{"count":6,"href":"https:\/\/www.valeursetdeveloppement.com\/index.php?rest_route=\/wp\/v2\/pages\/138\/revisions"}],"predecessor-version":[{"id":1493,"href":"https:\/\/www.valeursetdeveloppement.com\/index.php?rest_route=\/wp\/v2\/pages\/138\/revisions\/1493"}],"wp:attachment":[{"href":"https:\/\/www.valeursetdeveloppement.com\/index.php?rest_route=%2Fwp%2Fv2%2Fmedia&parent=138"}],"curies":[{"name":"wp","href":"https:\/\/api.w.org\/{rel}","templated":true}]}}